{"id":3028,"date":"2021-01-06T15:41:55","date_gmt":"2021-01-06T08:41:55","guid":{"rendered":"https:\/\/apcaustralia.net.au\/?page_id=3028"},"modified":"2021-01-06T15:42:13","modified_gmt":"2021-01-06T08:42:13","slug":"tin-tuc-2","status":"publish","type":"page","link":"https:\/\/apcaustralia.net.au\/vi\/tin-tuc-2\/","title":{"rendered":"Tin t\u1ee9c 2"},"content":{"rendered":"\t\t<div data-elementor-type=\"wp-page\" data-elementor-id=\"3028\" class=\"elementor elementor-3028 elementor-768\">\n\t\t\t\t\t\t<div class=\"elementor-inner\">\n\t\t\t\t<div class=\"elementor-section-wrap\">\n\t\t\t\t\t\t\t\t\t<section class=\"elementor-section elementor-top-section elementor-element elementor-element-dc0ee07 elementor-section-stretched elementor-section-full_width elementor-section-height-default elementor-section-height-default\" data-id=\"dc0ee07\" data-element_type=\"section\" data-settings=\"{&quot;stretch_section&quot;:&quot;section-stretched&quot;}\">\n\t\t\t\t\t\t<div class=\"elementor-container elementor-column-gap-no\">\n\t\t\t\t\t\t\t<div class=\"elementor-row\">\n\t\t\t\t\t<div class=\"elementor-column elementor-col-100 elementor-top-column elementor-element elementor-element-e72ebea\" data-id=\"e72ebea\" data-element_type=\"column\">\n\t\t\t<div class=\"elementor-column-wrap elementor-element-populated\">\n\t\t\t\t\t\t\t<div class=\"elementor-widget-wrap\">\n\t\t\t\t\t\t<div class=\"elementor-element elementor-element-4b9b98e elementor-widget elementor-widget-visarzo_blog\" data-id=\"4b9b98e\" data-element_type=\"widget\" data-widget_type=\"visarzo_blog.default\">\n\t\t\t\t<div class=\"elementor-widget-container\">\n\t\t\t\t\t\t\t<section class=\"news-section sec-pad-2\">\n\t\t\t<div class=\"auto-container\">\n\t\t\t\t<div class=\"three-item-carousel owl-carousel owl-theme owl-dots-none owl-nav-none\">\n\t\t\t\t\t\t\n\t\t\t\t\t<div class=\"news-block-one mb-30\">\n\t\t\t\t\t\t<div class=\"inner-box\">\n\t\t\t\t\t\t\t<figure class=\"image-box\">\n\t\t\t\t\t\t\t\t<a href=\"https:\/\/apcaustralia.net.au\/vi\/du-hoc-uc-bang-con-duong-visa-du-lich-tu-viet-nam\/\">\n\t\t\t\t\t\t\t\t<img width=\"360\" height=\"300\" src=\"https:\/\/apcaustralia.net.au\/wp-content\/uploads\/2022\/10\/DU-HOC-UC-BANG-CON-DUONG-VISA-DU-LICH-TU-VIET-NAM-2-360x300.png\" class=\"attachment-visarzo-blog-grid size-visarzo-blog-grid wp-post-image\" alt=\"\" loading=\"lazy\" \/>\t\t\t\t\t\t\t\t<\/a>\n\t\t\t\t\t\t\t<\/figure>\n\t\t\t\t\t\t\t<div class=\"lower-content\">\n\t\t\t\t\t\t\t\t<div class=\"post-date\"><h2>25<\/h2><span>Oct<\/span><\/div>\n\t\t\t\t\t\t\t\t<h3><a href=\"https:\/\/apcaustralia.net.au\/vi\/du-hoc-uc-bang-con-duong-visa-du-lich-tu-viet-nam\/\">DU H\u1eccC \u00daC B\u1eb0NG CON \u0110\u01af\u1edcNG VISA DU L\u1ecaCH T\u1eea VI\u1ec6T NAM<\/a><\/h3>\n\t\t\t\t\t\t\t\t<ul class=\"post-info clearfix\">\n\t\t\t\t\t\t\t\t\t<li><a href=\"https:\/\/apcaustralia.net.au\/vi\/author\/editor\/\">By Editor User<\/a><\/li>\n\t\t\t\t\t\t\t\t\t<li>\n\t\t\t\t\t\t\t\t\t\t\t\t\t\t\t\t\t\t\t<a href=\"https:\/\/apcaustralia.net.au\/vi\/danh-muc\/du-hoc\/\">Du h\u1ecdc<\/a>\n\t\t\t\t\t\t\t\t\t\t\t\t\t\t\t   \t\t\t\t\t\t\t\t\t<\/li>\n\t\t\t\t\t\t\t\t<\/ul>\n\t\t\t\t\t\t\t\t<div class=\"link\"><a href=\"https:\/\/apcaustralia.net.au\/vi\/du-hoc-uc-bang-con-duong-visa-du-lich-tu-viet-nam\/\">Read More<i class=\"flaticon-send\"><\/i><\/a><\/div>\n\t\t\t\t\t\t\t<\/div>\n\t\t\t\t\t\t<\/div>\n\t\t\t\t\t<\/div>\n\t\t\t\t\t\n\t\t\t\t\t\t\t\t\n\t\t\t\t\t<div class=\"news-block-one mb-30\">\n\t\t\t\t\t\t<div class=\"inner-box\">\n\t\t\t\t\t\t\t<figure class=\"image-box\">\n\t\t\t\t\t\t\t\t<a href=\"https:\/\/apcaustralia.net.au\/vi\/update-dieu-kien-dinh-cu-bang-queensland-danh-cho-ung-vien-trong-va-ngoai-nuoc-uc\/\">\n\t\t\t\t\t\t\t\t<img width=\"360\" height=\"300\" src=\"https:\/\/apcaustralia.net.au\/wp-content\/uploads\/2022\/07\/Brisbane-2-360x300.jpg\" class=\"attachment-visarzo-blog-grid size-visarzo-blog-grid wp-post-image\" alt=\"\" loading=\"lazy\" \/>\t\t\t\t\t\t\t\t<\/a>\n\t\t\t\t\t\t\t<\/figure>\n\t\t\t\t\t\t\t<div class=\"lower-content\">\n\t\t\t\t\t\t\t\t<div class=\"post-date\"><h2>27<\/h2><span>Jul<\/span><\/div>\n\t\t\t\t\t\t\t\t<h3><a href=\"https:\/\/apcaustralia.net.au\/vi\/update-dieu-kien-dinh-cu-bang-queensland-danh-cho-ung-vien-trong-va-ngoai-nuoc-uc\/\">UPDATE: \u0110I\u1ec0U KI\u1ec6N \u0110\u1ecaNH C\u01af BANG QUEENSLAND D\u00c0NH CHO \u1ee8NG VI\u00caN TRONG V\u00c0 NGO\u00c0I N\u01af\u1edaC \u00daC<\/a><\/h3>\n\t\t\t\t\t\t\t\t<ul class=\"post-info clearfix\">\n\t\t\t\t\t\t\t\t\t<li><a href=\"https:\/\/apcaustralia.net.au\/vi\/author\/editor\/\">By Editor User<\/a><\/li>\n\t\t\t\t\t\t\t\t\t<li>\n\t\t\t\t\t\t\t\t\t\t\t\t\t\t\t\t\t\t\t<a href=\"https:\/\/apcaustralia.net.au\/vi\/danh-muc\/tin-tuc-di-tru\/chinh-sach-di-tru\/\">Ch\u00ednh s\u00e1ch di tr\u00fa<\/a>\n\t\t\t\t\t\t\t\t\t\t\t\t\t\t\t   \t\t\t\t\t\t\t\t\t\t\t<a href=\"https:\/\/apcaustralia.net.au\/vi\/danh-muc\/tin-tuc-di-tru\/\">Tin t\u1ee9c di tr\u00fa<\/a>\n\t\t\t\t\t\t\t\t\t\t\t\t\t\t\t   \t\t\t\t\t\t\t\t\t<\/li>\n\t\t\t\t\t\t\t\t<\/ul>\n\t\t\t\t\t\t\t\t<div class=\"link\"><a href=\"https:\/\/apcaustralia.net.au\/vi\/update-dieu-kien-dinh-cu-bang-queensland-danh-cho-ung-vien-trong-va-ngoai-nuoc-uc\/\">Read More<i class=\"flaticon-send\"><\/i><\/a><\/div>\n\t\t\t\t\t\t\t<\/div>\n\t\t\t\t\t\t<\/div>\n\t\t\t\t\t<\/div>\n\t\t\t\t\t\n\t\t\t\t\t\t\t\t\n\t\t\t\t\t<div class=\"news-block-one mb-30\">\n\t\t\t\t\t\t<div class=\"inner-box\">\n\t\t\t\t\t\t\t<figure class=\"image-box\">\n\t\t\t\t\t\t\t\t<a href=\"https:\/\/apcaustralia.net.au\/vi\/hieu-ve-van-hoa-va-con-nguoi-khi-du-hoc-uc\/\">\n\t\t\t\t\t\t\t\t<img width=\"360\" height=\"300\" src=\"https:\/\/apcaustralia.net.au\/wp-content\/uploads\/2022\/06\/Untitled-900-\u00d7-900-px-24-360x300.png\" class=\"attachment-visarzo-blog-grid size-visarzo-blog-grid wp-post-image\" alt=\"\" loading=\"lazy\" \/>\t\t\t\t\t\t\t\t<\/a>\n\t\t\t\t\t\t\t<\/figure>\n\t\t\t\t\t\t\t<div class=\"lower-content\">\n\t\t\t\t\t\t\t\t<div class=\"post-date\"><h2>14<\/h2><span>Jun<\/span><\/div>\n\t\t\t\t\t\t\t\t<h3><a href=\"https:\/\/apcaustralia.net.au\/vi\/hieu-ve-van-hoa-va-con-nguoi-khi-du-hoc-uc\/\">HI\u1ec2U V\u1ec0 V\u0102N HO\u00c1 V\u00c0 CON NG\u01af\u1edcI KHI DU H\u1eccC \u00daC<\/a><\/h3>\n\t\t\t\t\t\t\t\t<ul class=\"post-info clearfix\">\n\t\t\t\t\t\t\t\t\t<li><a href=\"https:\/\/apcaustralia.net.au\/vi\/author\/editor\/\">By Editor User<\/a><\/li>\n\t\t\t\t\t\t\t\t\t<li>\n\t\t\t\t\t\t\t\t\t\t\t\t\t\t\t\t\t\t\t<a href=\"https:\/\/apcaustralia.net.au\/vi\/danh-muc\/du-hoc\/cuoc-song-du-hoc\/\">Cu\u1ed9c s\u1ed1ng du h\u1ecdc<\/a>\n\t\t\t\t\t\t\t\t\t\t\t\t\t\t\t   \t\t\t\t\t\t\t\t\t\t\t<a href=\"https:\/\/apcaustralia.net.au\/vi\/danh-muc\/du-hoc\/\">Du h\u1ecdc<\/a>\n\t\t\t\t\t\t\t\t\t\t\t\t\t\t\t   \t\t\t\t\t\t\t\t\t<\/li>\n\t\t\t\t\t\t\t\t<\/ul>\n\t\t\t\t\t\t\t\t<div class=\"link\"><a href=\"https:\/\/apcaustralia.net.au\/vi\/hieu-ve-van-hoa-va-con-nguoi-khi-du-hoc-uc\/\">Read More<i class=\"flaticon-send\"><\/i><\/a><\/div>\n\t\t\t\t\t\t\t<\/div>\n\t\t\t\t\t\t<\/div>\n\t\t\t\t\t<\/div>\n\t\t\t\t\t\n\t\t\t\t\t\t\t\t\t\t\t\t<\/div>\n\t\t\t<\/div>\n\t\t<\/section>\n\t\t\t\t\t\t\t\t<!-- news-style-three end -->\n\t\t \t\t<\/div>\n\t\t\t\t<\/div>\n\t\t\t\t\t\t<\/div>\n\t\t\t\t\t<\/div>\n\t\t<\/div>\n\t\t\t\t\t\t\t\t<\/div>\n\t\t\t\t\t<\/div>\n\t\t<\/section>\n\t\t\t\t\t\t\t\t\t<\/div>\n\t\t\t<\/div>\n\t\t\t\t\t<\/div>\n\t\t","protected":false},"excerpt":{"rendered":"","protected":false},"author":19,"featured_media":606,"parent":0,"menu_order":0,"comment_status":"closed","ping_status":"closed","template":"elementor_header_footer","meta":{"spay_email":""},"_links":{"self":[{"href":"https:\/\/apcaustralia.net.au\/vi\/wp-json\/wp\/v2\/pages\/3028"}],"collection":[{"href":"https:\/\/apcaustralia.net.au\/vi\/wp-json\/wp\/v2\/pages"}],"about":[{"href":"https:\/\/apcaustralia.net.au\/vi\/wp-json\/wp\/v2\/types\/page"}],"author":[{"embeddable":true,"href":"https:\/\/apcaustralia.net.au\/vi\/wp-json\/wp\/v2\/users\/19"}],"replies":[{"embeddable":true,"href":"https:\/\/apcaustralia.net.au\/vi\/wp-json\/wp\/v2\/comments?post=3028"}],"version-history":[{"count":0,"href":"https:\/\/apcaustralia.net.au\/vi\/wp-json\/wp\/v2\/pages\/3028\/revisions"}],"wp:featuredmedia":[{"embeddable":true,"href":"https:\/\/apcaustralia.net.au\/vi\/wp-json\/wp\/v2\/media\/606"}],"wp:attachment":[{"href":"https:\/\/apcaustralia.net.au\/vi\/wp-json\/wp\/v2\/media?parent=3028"}],"curies":[{"name":"wp","href":"https:\/\/api.w.org\/{rel}","templated":true}]}}