{"id":8720,"date":"2022-04-07T13:46:11","date_gmt":"2022-04-07T06:46:11","guid":{"rendered":"https:\/\/apcaustralia.net.au\/qa-video\/"},"modified":"2022-04-20T09:15:49","modified_gmt":"2022-04-20T02:15:49","slug":"qa-videos","status":"publish","type":"page","link":"https:\/\/apcaustralia.net.au\/vi\/qa-videos\/","title":{"rendered":"Q&#038;A Videos"},"content":{"rendered":"\n<p><strong><div class=\"wyg_nolightbox wyg_css\"><script type=\"text\/javascript\">jQuery(document).ready(function(){jQuery(\".wpyg-showhide\").click(function(){$currentId=jQuery(this).attr(\"id\"),$currentDivId=jQuery(this).parent(\"div\").attr(\"id\"),\"wpyg-showmore\"==$currentId?(jQuery(\"#\"+$currentDivId+\" .wpyg-showmore-content\").removeClass(\"divhide\"),jQuery(\"#\"+$currentDivId+\" .wpyg-showmore-content\").addClass(\"divshow\"),jQuery(this).hide()):($currentDivId=jQuery(this).attr(\"data-id\"),jQuery(\"#\"+$currentDivId+\" .wpyg-showhide\").show(),jQuery(\"#\"+$currentDivId+\" .wpyg-showmore-content\").removeClass(\"divshow\"),jQuery(\"#\"+$currentDivId+\" .wpyg-showmore-content\").addClass(\"divhide\"))})});<\/script><div class=\"wp_youtube_gallery_post\" id=\"youtubevideo_sPIGHGOU4QM\" style=\"\">\r\n                                    <div class=\"youtubevideo\" ><iframe src=\"\/\/www.youtube.com\/embed\/sPIGHGOU4QM\" frameborder=\"0\" allowfullscreen width=\"100%\" height=\"auto\"><\/iframe>\r\n                                    <\/div><span class=\"videotitle\">EOI \u2013 \u0110\u01a0N GI\u1ea2N M\u00c0 KH\u00d4NG D\u1ec4<\/span><div class=\"youtubecontent\" id=\"video-9159\">EOI \u2013 \u0110\u01a0N GI\u1ea2N M\u00c0 KH\u00d4NG D\u1ec4\r\n\r\n\ud83c\udfaf Nh\u1eefng \u0111i\u1ec1u c\u1ea7n bi\u1ebft v\u1ec1 EOI\r\n\ud83d\udc49 Expression of Interest (EOI) l\u00e0 b\u01b0\u1edbc b\u1eaft bu\u1ed9c cho t\u1ea5t c\u1ea3 c\u00e1c lo\u1ea1i visa Tay ngh\u1ec1, bao g\u1ed3m c?<a href=\"javascript:\" class=\"wpyg-showhide\" id=\"wpyg-showmore\">show more<\/a><div class=\"wpyg-showmore-content divhide\">? visa tay ngh\u1ec1 \u0111\u1ed9c l\u1eadp 189 v\u00e0 ti\u1ec3u bang b\u1ea3o l\u00e3nh 190\/491.\r\n\ud83d\udc49 EOI \u0111\u01b0\u1ee3c n\u1ed9p th\u00f4ng qua h\u1ec7 th\u1ed1ng Skillselect v\u00e0 c\u00f3 gi\u00e1 tr\u1ecb trong v\u00f2ng 2 n\u0103m.\r\n\ud83d\udc49 EOI kh\u00f4ng ph\u1ea3i l\u00e0 visa application, v\u00e0 vi\u1ec7c n\u1ed9p EOI kh\u00f4ng \u0111\u1ea3m b\u1ea3o r\u1eb1ng b\u1ea1n s\u1ebd c\u00f3 th\u1ec3 n\u1ed9p visa 189\/190\/491 tr\u01b0\u1edbc th\u1eddi \u0111i\u1ec3m visa hi\u1ec7n t\u1ea1i h\u1ebft h\u1ea1n\r\n\r\n\ud83c\udfaf Nh\u1eefng l\u1ed7i Claim \u0111i\u1ec3m EOI sai c\u01a1 b\u1ea3n nh\u1ea5t?\r\n\ud83d\udc49 Kh\u00f4ng c\u00f3 \u0111\u1ee7 b\u1eb1ng ch\u1ee9ng \u0111\u1ec3 claim \u0111i\u1ec3m point test t\u1ea1i th\u1eddi \u0111i\u1ec3m n\u1ed9p EOI\r\n\ud83d\udc49 S\u1ed1 n\u0103m kinh nghi\u1ec7m l\u00e0m vi\u1ec7c claim tr\u00ean EOI cao h\u01a1n s\u1ed1 n\u0103m \u0111\u01b0\u1ee3c c\u00f4ng nh\u1eadn th\u1ef1c t\u1ebf\r\n\ud83d\udc49 Sai l\u1ea7m trong vi\u1ec7c claim \u0111i\u1ec3m Single hay partner points\r\n\r\n\ud83c\udfaf Vi\u1ec7c claim \u0111i\u1ec3m sai tr\u00ean EOI d\u1eabn t\u1edbi nh\u1eefng h\u1ec7 l\u1ee5y g\u00ec?\r\n\ud83d\udc49 N\u1ebfu \u0111\u01b0\u1ee3c m\u1eddi d\u1ef1a tr\u00ean s\u1ed1 \u0111i\u1ec3m sai, h\u1ea7u h\u1ebft c\u00e1c ti\u1ec3u bang s\u1ebd kh\u00f4ng m\u1eddi l\u1ea1i trong c\u00f9ng n\u0103m t\u00e0i ch\u00ednh\r\n\ud83d\udc49 N\u1ebfu v\u1eabn apply visa d\u1ef1a tr\u00ean s\u1ed1 \u0111i\u1ec3m EOI kh\u00f4ng \u0111\u00fang, visa application s\u1ebd b\u1ecb t\u1eeb ch\u1ed1i.\r\n\r\nH\u00e3y nhanh tay li\u00ean h\u1ec7 team APC \u0111\u1ec3 \u0111\u01b0\u1ee3c h\u01b0\u1edbng d\u1eabn chi ti\u1ebft v\u1ec1 c\u00e1ch claim \u0111i\u1ec3m EOI b\u1ea1n nh\u00e9\r\n______________________\r\nAustralia Pathway Consulting (APC)\r\n\ud83c\udfe0Suite 119B, 530 Little Collins Street, Melbourne, VIC Australia\r\n\ud83c\udfe0Ground floor, 121 King William Street, Adelaide, SA Australia\r\n\ud83c\udfe03rd Floor \u2013 Block A, Indochina Park Tower, 04 Nguyen Dinh Chieu, Da Kao Ward, District 1, HCMC, Vietnam\r\n\ud83d\udcde(+61) 0432 699 787 (Melbourne)\r\n\ud83d\udcde(+61) 0466 389 023 (Adelaide)\r\n\ud83d\udcde(+84) 0938 241 298 (Vietnam)\r\n\u2709: info@apcaustralia.net.au\r\nWebsite: www.apcaustralia.net.au\r\nFanpage: Australia Pathway Consulting\r\nFacebook group: Di\u1ec5n \u0111\u00e0n \u0111\u1ecbnh c\u01b0 v\u00e0 du h\u1ecdc \u00dac\r\nJoin Di\u1ec5n \u0110\u00e0n Du h\u1ecdc v\u00e0 \u0110\u1ecbnh C\u01b0: https:\/\/lnkd.in\/gA7uN8n7<a href=\"javascript:\" class=\"wpyg-showhide\" id=\"wpyg-showless\" data-id=\"video-9159\">show less<\/a><\/div><\/div><\/div><div class=\"wp_youtube_gallery_post\" id=\"youtubevideo_zRzxc-mUhJ8\" style=\"\">\r\n                                    <div class=\"youtubevideo\" ><iframe src=\"\/\/www.youtube.com\/embed\/zRzxc-mUhJ8\" frameborder=\"0\" allowfullscreen width=\"100%\" height=\"auto\"><\/iframe>\r\n                                    <\/div><span class=\"videotitle\">TOP 5 SAI L\u1ea6M H\u00c0NG \u0110\u1ea6U \u1ee8NG VI\u00caN TH\u01af\u1edcNG M\u1eaeC PH\u1ea2I KHI N\u1ed8P H\u1ed2 S\u01a0 TH\u1ea8M \u0110\u1ecaNH K\u1ef8 N\u0102NG\/ TAY NGH\u1ec0!<\/span><div class=\"youtubecontent\" id=\"video-9072\">\r\n\r\n\r\n\r\n Ch\u00e0o m\u1eebng b\u1ea1n tr\u1edf l\u1ea1i v\u1edbi series video H\u1ecfi &amp; \u0110\u00e1p v\u1ec1 Visa Tay Ngh\u1ec1. H\u00f4m nay, team APC s\u1ebd ch\u1ec9 ra TOP 5 sai l\u1ea7m h\u00e0ng \u0111\u1ea7u \u1ee9ng vi\u00ean th\u01b0\u1eddng m\u1eafc ph\u1ea3i khi <a href=\"javascript:\" class=\"wpyg-showhide\" id=\"wpyg-showmore\">show more<\/a><div class=\"wpyg-showmore-content divhide\">n\u1ed9p h\u1ed3 s\u01a1 th\u1ea9m \u0111\u1ecbnh k\u1ef9 n\u0103ng\/ tay ngh\u1ec1!\r\n\r\n\r\n\r\n C\u1ee5 th\u1ec3, video H\u1ecfi &amp; \u0110\u00e1p k\u00ec n\u00e0y s\u1ebd ch\u1ec9 ra 5 sai l\u1ea7m n\u1ed5i b\u1eadt m\u00e0 b\u1ea1n n\u00ean tr\u00e1nh trong th\u1eddi gian chu\u1ea9n b\u1ecb n\u1ed9p h\u1ed3 s\u01a1 h\u1ed3 s\u01a1 th\u1ea9m \u0111\u1ecbnh k\u1ef9 n\u0103ng\/ tay ngh\u1ec1 v\u00e0 \u0111\u01b0a ra m\u1ed9t s\u1ed1 l\u1eddi khuy\u00ean qu\u00fd gi\u00e1 t\u1eeb \u0111\u1ea1i di\u1ec7n tr\u00fa c\u1ee7a team APC\r\n\r\n\r\n\r\n L\u1ef1a ch\u1ecdn c\u01a1 quan th\u1ea9m \u0111\u1ecbnh tay ngh\u1ec1\/k\u0129 n\u0103ng kh\u00f4ng ph\u00f9 h\u1ee3p v\u1edbi ng\u00e0nh ngh\u1ec1 c\u1ee7a b\u1ea1n (EA, CPA, VETASSESS, TRA, ANMAC, v.v.).\r\n Ch\u1ecdn sai ng\u00e0nh ngh\u1ec1\r\n Cung c\u1ea5p th\u00f4ng tin chi ti\u1ebft kh\u00f4ng nh\u1ea5t qu\u00e1n tr\u00ean c\u00e1c t\u00e0i li\u1ec7u h\u1ed7 tr\u1ee3 c\u00f4ng vi\u1ec7c c\u1ee7a b\u1ea1n.\r\n Kh\u00f4ng cung c\u1ea5p \u0111\u1ee7 b\u1eb1ng ch\u1ee9ng \u0111\u1ec3 ch\u1ee9ng t\u1ecf kinh nghi\u1ec7m l\u00e0m vi\u1ec7c c\u1ee7a b\u1ea1n\r\n Kh\u00f4ng cung c\u1ea5p \u0111\u1ee7 b\u1eb1ng ch\u1ee9ng v\u1ec1 n\u0103ng l\u1ef1c ti\u1ebfng Anh: \u0111\u00e2y m\u1ed9t trong c\u00e1c \u0111i\u1ec1u ki\u1ec7n c\u01a1 b\u1ea3n \u0111\u1ed1i v\u1edbi m\u1ed9t s\u1ed1 c\u01a1 quan th\u1ea9m \u0111\u1ecbnh tay ngh\u1ec1.\r\n\r\n\r\n\r\n N\u1ebfu b\u1ea1n c\u00f3 b\u1ea5t k\u1ef3 th\u1eafc m\u1eafc n\u00e0o v\u1ec1 di tr\u00fa \u0111\u1ecbnh c\u01b0 \u00dac, vui l\u00f2ng \u0111\u1ec3 l\u1ea1i b\u00ecnh lu\u1eadn b\u00ean d\u01b0\u1edbi ho\u1eb7c inbox fanpage APC \u0111\u1ec3 \u0111\u01b0\u1ee3c x\u1ebfp l\u1ecbch t\u01b0 v\u1ea5n chi ti\u1ebft t\u1eeb \u0111\u1ea1i di\u1ec7n di tr\u00fa c\u1ee7a team APC\r\n\r\n\r\n#skilledvisa #skillsassessment #migration\r\n_________________\r\nAustralia Pathway Consulting (APC)\r\nSuite 119B, 530 Little Collins Street, Melbourne, VIC Australia\r\n(+61) 0432 699 787\r\n: info@apcaustralia.net.au\r\nWebsite: www.apcaustralia.net.au\r\nFanpage: Australia Pathway Consulting\r\nFacebook group: Di\u1ec5n \u0111\u00e0n \u0111\u1ecbnh c\u01b0 v\u00e0 du h\u1ecdc \u00dac\r\nJoin Di\u1ec5n \u0110\u00e0n Du h\u1ecdc v\u00e0 \u0110\u1ecbnh C\u01b0: http:\/\/bit.ly\/Diendanduhocvadinhcu\r\n<a href=\"javascript:\" class=\"wpyg-showhide\" id=\"wpyg-showless\" data-id=\"video-9072\">show less<\/a><\/div><\/div><\/div> <\/div><\/strong><\/p>\n","protected":false},"excerpt":{"rendered":"","protected":false},"author":1,"featured_media":646,"parent":0,"menu_order":0,"comment_status":"closed","ping_status":"closed","template":"","meta":{"spay_email":""},"_links":{"self":[{"href":"https:\/\/apcaustralia.net.au\/vi\/wp-json\/wp\/v2\/pages\/8720"}],"collection":[{"href":"https:\/\/apcaustralia.net.au\/vi\/wp-json\/wp\/v2\/pages"}],"about":[{"href":"https:\/\/apcaustralia.net.au\/vi\/wp-json\/wp\/v2\/types\/page"}],"author":[{"embeddable":true,"href":"https:\/\/apcaustralia.net.au\/vi\/wp-json\/wp\/v2\/users\/1"}],"replies":[{"embeddable":true,"href":"https:\/\/apcaustralia.net.au\/vi\/wp-json\/wp\/v2\/comments?post=8720"}],"version-history":[{"count":0,"href":"https:\/\/apcaustralia.net.au\/vi\/wp-json\/wp\/v2\/pages\/8720\/revisions"}],"wp:featuredmedia":[{"embeddable":true,"href":"https:\/\/apcaustralia.net.au\/vi\/wp-json\/wp\/v2\/media\/646"}],"wp:attachment":[{"href":"https:\/\/apcaustralia.net.au\/vi\/wp-json\/wp\/v2\/media?parent=8720"}],"curies":[{"name":"wp","href":"https:\/\/api.w.org\/{rel}","templated":true}]}}